{"id":56884,"date":"2023-05-29T17:22:49","date_gmt":"2023-05-29T14:22:49","guid":{"rendered":"https:\/\/ledstore.fi\/blog\/?page_id=56884"},"modified":"2025-08-06T14:35:41","modified_gmt":"2025-08-06T11:35:41","slug":"led-valonauha-vilkkuu","status":"publish","type":"page","link":"https:\/\/www.ledprofiili.fi\/blog\/led-valonauha-vilkkuu","title":{"rendered":"LED valonauha vilkkuu"},"content":{"rendered":"<!--?xml encoding=\"UTF-8\"--><p>Led valonauha vilkkuu. Se on \u00e4rsytt\u00e4v\u00e4\u00e4. Ennen kuin vian voi korjata, pit\u00e4\u00e4 kuitenkin eritell\u00e4 mink\u00e4laista vilkkumista tapahtuu. Onko se n\u00e4kyv\u00e4\u00e4 (silmin havaittavaa) vilkkumista vai n\u00e4kym\u00e4t\u00f6nt\u00e4 (kamerassa). Led-valonauhat ovat herkki\u00e4, mutta silti taipuisia, joten vilkkuminen saattaa johtua esimerkiksi asennusvaiheen virheest\u00e4.<\/p><div id=\"ez-toc-container\" class=\"ez-toc-v2_0_81 counter-hierarchy ez-toc-counter ez-toc-white ez-toc-container-direction\">\n<nav><ul class=\"ez-toc-list ez-toc-list-level-1 \"><li class=\"ez-toc-page-1 ez-toc-heading-level-2\"><a class=\"ez-toc-link ez-toc-heading-1\" href=\"https:\/\/www.ledprofiili.fi\/blog\/led-valonauha-vilkkuu\/#Led_valonauha_vilkkuu_mutta_miksi\">Led valonauha vilkkuu, mutta miksi?<\/a><ul class=\"ez-toc-list-level-3\"><li class=\"ez-toc-heading-level-3\"><a class=\"ez-toc-link ez-toc-heading-2\" href=\"https:\/\/www.ledprofiili.fi\/blog\/led-valonauha-vilkkuu\/#Led_valonauhan_valkkymisen_syyt\">Led valonauhan v\u00e4lkkymisen syyt<\/a><\/li><\/ul><\/li><li class=\"ez-toc-page-1 ez-toc-heading-level-2\"><a class=\"ez-toc-link ez-toc-heading-3\" href=\"https:\/\/www.ledprofiili.fi\/blog\/led-valonauha-vilkkuu\/#Miten_korjata_NAKYVA_led_valojen_vilkkuminen\">Miten korjata N\u00c4KYV\u00c4 led valojen vilkkuminen?<\/a><ul class=\"ez-toc-list-level-3\"><li class=\"ez-toc-heading-level-3\"><a class=\"ez-toc-link ez-toc-heading-4\" href=\"https:\/\/www.ledprofiili.fi\/blog\/led-valonauha-vilkkuu\/#Tarkista_liitannat\">Tarkista liit\u00e4nn\u00e4t<\/a><\/li><li class=\"ez-toc-page-1 ez-toc-heading-level-3\"><a class=\"ez-toc-link ez-toc-heading-5\" href=\"https:\/\/www.ledprofiili.fi\/blog\/led-valonauha-vilkkuu\/#Ovatko_osat_yhteensopivia\">Ovatko osat yhteensopivia?<\/a><\/li><li class=\"ez-toc-page-1 ez-toc-heading-level-3\"><a class=\"ez-toc-link ez-toc-heading-6\" href=\"https:\/\/www.ledprofiili.fi\/blog\/led-valonauha-vilkkuu\/#Onko_virtalahde_riittavan_tehokas\">Onko virtal\u00e4hde riitt\u00e4v\u00e4n tehokas?<\/a><ul class=\"ez-toc-list-level-4\"><li class=\"ez-toc-heading-level-4\"><a class=\"ez-toc-link ez-toc-heading-7\" href=\"https:\/\/www.ledprofiili.fi\/blog\/led-valonauha-vilkkuu\/#Muuntajan_merkinnat\">Muuntajan merkinn\u00e4t<\/a><\/li><li class=\"ez-toc-page-1 ez-toc-heading-level-4\"><a class=\"ez-toc-link ez-toc-heading-8\" href=\"https:\/\/www.ledprofiili.fi\/blog\/led-valonauha-vilkkuu\/#Led_valonauhan_tehon_tarve\">Led valonauhan tehon tarve<\/a><\/li><\/ul><\/li><li class=\"ez-toc-page-1 ez-toc-heading-level-3\"><a class=\"ez-toc-link ez-toc-heading-9\" href=\"https:\/\/www.ledprofiili.fi\/blog\/led-valonauha-vilkkuu\/#Led_nauhan_katkaisu_ja_huono_liitos\">Led nauhan katkaisu ja huono liitos<\/a><\/li><li class=\"ez-toc-page-1 ez-toc-heading-level-3\"><a class=\"ez-toc-link ez-toc-heading-10\" href=\"https:\/\/www.ledprofiili.fi\/blog\/led-valonauha-vilkkuu\/#Onko_led_valonauha_vaantynyt_tai_rikkoutunut\">Onko led valonauha v\u00e4\u00e4ntynyt tai rikkoutunut?<\/a><\/li><\/ul><\/li><li class=\"ez-toc-page-1 ez-toc-heading-level-2\"><a class=\"ez-toc-link ez-toc-heading-11\" href=\"https:\/\/www.ledprofiili.fi\/blog\/led-valonauha-vilkkuu\/#Miten_korjata_NAKYMATON_led_valonauhan_vilkkuminen\">Miten korjata N\u00c4KYM\u00c4T\u00d6N led valonauhan vilkkuminen?<\/a><ul class=\"ez-toc-list-level-3\"><li class=\"ez-toc-heading-level-3\"><a class=\"ez-toc-link ez-toc-heading-12\" href=\"https:\/\/www.ledprofiili.fi\/blog\/led-valonauha-vilkkuu\/#Kayta_laadukkaita_komponentteja\">K\u00e4yt\u00e4 laadukkaita komponentteja<\/a><\/li><li class=\"ez-toc-page-1 ez-toc-heading-level-3\"><a class=\"ez-toc-link ez-toc-heading-13\" href=\"https:\/\/www.ledprofiili.fi\/blog\/led-valonauha-vilkkuu\/#Kayta_korkeataajuuksisia_PMW_muuntajia\">K\u00e4yt\u00e4 korkeataajuuksisia PMW muuntajia<\/a><\/li><\/ul><\/li><li class=\"ez-toc-page-1 ez-toc-heading-level-2\"><a class=\"ez-toc-link ez-toc-heading-14\" href=\"https:\/\/www.ledprofiili.fi\/blog\/led-valonauha-vilkkuu\/#Led_valonauha_-aiheiset_asennusoppaamme\">Led valonauha -aiheiset asennusoppaamme<\/a><\/li><li class=\"ez-toc-page-1 ez-toc-heading-level-2\"><a class=\"ez-toc-link ez-toc-heading-15\" href=\"https:\/\/www.ledprofiili.fi\/blog\/led-valonauha-vilkkuu\/#Led_valonauhan_asiantuntija\">Led valonauhan asiantuntija<\/a><ul class=\"ez-toc-list-level-3\"><li class=\"ez-toc-heading-level-3\"><a class=\"ez-toc-link ez-toc-heading-16\" href=\"https:\/\/www.ledprofiili.fi\/blog\/led-valonauha-vilkkuu\/#Mittatilaus_Led_valonauhat\">Mittatilaus Led valonauhat<\/a><\/li><\/ul><\/li><\/ul><\/nav><\/div><h2><span class=\"ez-toc-section\" id=\"Led_valonauha_vilkkuu_mutta_miksi\"><\/span><span id=\"Led_valonauha_vilkkuu_mutta_miksi\" class=\"ez-toc-section\"><\/span>Led valonauha vilkkuu, mutta miksi?<span class=\"ez-toc-section-end\"><\/span><\/h2><p>Syit\u00e4 voi olla monia erilaisia, jotka aiheuttavat led-valonauhan vilkkumista. K\u00e4yd\u00e4\u00e4np\u00e4 seuraavaksi l\u00e4pi niit\u00e4.<\/p><h3><span class=\"ez-toc-section\" id=\"Led_valonauhan_valkkymisen_syyt\"><\/span>Led valonauhan v\u00e4lkkymisen syyt<span class=\"ez-toc-section-end\"><\/span><\/h3><ol>\n<li>huonot liit\u00e4nn\u00e4t, eli tarkista nauhan liitosjohto<\/li>\n<li>yhteensopimattomat osat led valojen kanssa<\/li>\n<li>ylikuormitettu tai viallinen j\u00e4nnitel\u00e4hde led nauhoille<\/li>\n<li>led-nauha muuntaja, joka on langattoman ohjauksen luomista varten pariliitostilassa<\/li>\n<li>tai viallinen led-nauha.<\/li>\n<\/ol><p>Edell\u00e4 mainitut jakautuvat siis n\u00e4kyv\u00e4\u00e4n ja n\u00e4kym\u00e4tt\u00f6m\u00e4\u00e4n vilkkumiseen. Mit\u00e4 eroa niill\u00e4 on?<\/p><h2><span class=\"ez-toc-section\" id=\"Miten_korjata_NAKYVA_led_valojen_vilkkuminen\"><\/span><span id=\"Miten_korjata_NAKYVA_led_valonauhan_vilkkuminen\" class=\"ez-toc-section\"><\/span><span id=\"Miten_korjata_NAKYVA_led_nauhan_valkkyminen\" class=\"ez-toc-section\"><\/span>Miten korjata N\u00c4KYV\u00c4 led valojen vilkkuminen?<span class=\"ez-toc-section-end\"><\/span><\/h2><h3><span class=\"ez-toc-section\" id=\"Tarkista_liitannat\"><\/span>Tarkista liit\u00e4nn\u00e4t<span class=\"ez-toc-section-end\"><\/span><\/h3><p>Ensin on varmistettava, ett\u00e4 kaikki <strong>liit\u00e4nn\u00e4t<\/strong> \u2013 mukaan lukien kaapelit, liittimet ja led muuntajat \u2013 ovat turvallisia. Huonot liit\u00e4nn\u00e4t voivat tuottaa liian suuren vastuksen, ylikuumentua ja jopa sytytt\u00e4\u00e4 tulipalon. T\u00e4m\u00e4n seurauksena led valonauhat v\u00e4lkkyv\u00e4t. Eli on t\u00e4rke\u00e4\u00e4 tarkistaa kaikki liit\u00e4nn\u00e4t.<\/p><figure id=\"attachment_57120\" aria-describedby=\"caption-attachment-57120\" style=\"width: 1000px\" class=\"wp-caption alignnone\"><a href=\"https:\/\/ledstore.fi\/blog\/wp-content\/uploads\/Muuntaja-ruuviliittimilla-jossa-kaksi-johtoa.png\" rel=\"dofollow\"><img loading=\"lazy\" decoding=\"async\" class=\"wp-image-57120\" src=\"https:\/\/ledstore.fi\/blog\/wp-content\/uploads\/Muuntaja-ruuviliittimilla-jossa-kaksi-johtoa-763x400.png\" alt=\"Kuvassa LEd-nauhan punainen plus johto ja musta miinus johto kiinnitettyn\u00e4 led-muuntajaan\" width=\"1000\" height=\"524\" srcset=\"https:\/\/www.ledprofiili.fi\/blog\/wp-content\/uploads\/Muuntaja-ruuviliittimilla-jossa-kaksi-johtoa-763x400.png 763w, https:\/\/www.ledprofiili.fi\/blog\/wp-content\/uploads\/Muuntaja-ruuviliittimilla-jossa-kaksi-johtoa-254x133.png 254w, https:\/\/www.ledprofiili.fi\/blog\/wp-content\/uploads\/Muuntaja-ruuviliittimilla-jossa-kaksi-johtoa.png 1200w\" sizes=\"auto, (max-width: 1000px) 100vw, 1000px\"><\/a><figcaption id=\"caption-attachment-57120\" class=\"wp-caption-text\">Ovatko kaikki johdot tukevasti kiinni? Led valonauha vilkkuu jos liitos on l\u00f6ys\u00e4.<\/figcaption><\/figure><h3><span class=\"ez-toc-section\" id=\"Ovatko_osat_yhteensopivia\"><\/span>Ovatko osat yhteensopivia?<span class=\"ez-toc-section-end\"><\/span><\/h3><p>Toiseksi sinun on vaihdettav a\u00a0<strong>yhteensopimattomat osat<\/strong>, kuten led ohjaimet ja himmentimet. Himmenninlaitteet ja led ohjaimet ovat osia, jotka ovat todenn\u00e4k\u00f6isimmin yhteensopimattomia. Yhteensopimaton himmennin aiheuttaa siis vilkkumisen. Mahdollisten vikojen selvitt\u00e4misen vuoksi on t\u00e4rke\u00e4\u00e4, ett\u00e4 ohjaimille p\u00e4\u00e4see melko vaivatta tarkistamaan niit\u00e4. Eli huoltoluukkujen ym. paikat joihin muuntajat sijoitetaan, on hyv\u00e4 mietti\u00e4 niin, ett\u00e4 niihin p\u00e4\u00e4see k\u00e4siksi.<\/p><h3><span class=\"ez-toc-section\" id=\"Onko_virtalahde_riittavan_tehokas\"><\/span>Onko virtal\u00e4hde riitt\u00e4v\u00e4n tehokas?<span class=\"ez-toc-section-end\"><\/span><\/h3><p>K\u00e4yt\u00e4 <strong>virtal\u00e4hdett\u00e4<\/strong>, jonka teho on suurempi kuin ledin tarvitsema virtam\u00e4\u00e4r\u00e4, tai vaihda viallinen led virtal\u00e4hde.<\/p><h4><span class=\"ez-toc-section\" id=\"Muuntajan_merkinnat\"><\/span>Muuntajan merkinn\u00e4t<span class=\"ez-toc-section-end\"><\/span><\/h4><p>Muuntajan tehon n\u00e4et sen tyyppikilven merkinn\u00f6ist\u00e4.<\/p><p><strong>Input: 180-240V:<\/strong> tarkoittaa, ett\u00e4 muuntajaan voidaan sy\u00f6tt\u00e4\u00e4 vaihtovirtaa 180 \u2013 240 V v\u00e4lill\u00e4. Suomessa verkkoj\u00e4nnite on 230 volttia. Vaihtovirran merkki on \u201d~\u201d tai merkint\u00e4\u00e4 \u201dAC\u201d (Alternating Current)<\/p><p><strong>Output: 24V 0,83A 20W: <\/strong>Tarkoittaa, ett\u00e4 muuntajan ulostuloj\u00e4nnite on 24V tasaj\u00e4nnite, ja ett\u00e4 muuntaja kykenee antamaan maksimissaan 20W kuorman. Tasaj\u00e4nnitteen merkki on \u201d=\u201d tai merkki, jossa ylh\u00e4\u00e4ll\u00e4 on yhten\u00e4inen viiva ja alhaalla katkoviiva \u201d\u00e2\u017d\u201c\u201d, tai merkint\u00e4\u00e4 \u201dDC\u201d (Direct Current)<\/p><p>Maksimikuorman voit laskea ilmoitetusta Ampeeriluvusta (J\u00e4nnite x Teho = Kuorma) : 24 V x 0,83 A = 24,83 W.<\/p><p>Valmistaja on t\u00e4ss\u00e4 tapauksessa m\u00e4\u00e4ritellyt suosituskuormaksi hieman alemman 20 Wattia, mutta muuntaja kest\u00e4isi hieman enemm\u00e4n.<\/p><figure id=\"attachment_57231\" aria-describedby=\"caption-attachment-57231\" style=\"width: 1200px\" class=\"wp-caption alignnone\"><a href=\"https:\/\/ledstore.fi\/blog\/wp-content\/uploads\/Muuntajassa-lukee-sen-maksi-tehon-kesto.png\" rel=\"dofollow\"><img loading=\"lazy\" decoding=\"async\" class=\"wp-image-57231 size-full\" src=\"https:\/\/ledstore.fi\/blog\/wp-content\/uploads\/Muuntajassa-lukee-sen-maksi-tehon-kesto.png\" alt=\"Led valonauha vilkkuu jos muuntajassa on vajaatehoa\" width=\"1200\" height=\"629\" srcset=\"https:\/\/www.ledprofiili.fi\/blog\/wp-content\/uploads\/Muuntajassa-lukee-sen-maksi-tehon-kesto.png 1200w, https:\/\/www.ledprofiili.fi\/blog\/wp-content\/uploads\/Muuntajassa-lukee-sen-maksi-tehon-kesto-254x133.png 254w, https:\/\/www.ledprofiili.fi\/blog\/wp-content\/uploads\/Muuntajassa-lukee-sen-maksi-tehon-kesto-763x400.png 763w\" sizes=\"auto, (max-width: 1200px) 100vw, 1200px\"><\/a><figcaption id=\"caption-attachment-57231\" class=\"wp-caption-text\">Muuntajassa lukee sen maksimi tehonkesto. Led valonauha vilkkuu jos muuntaja on liian pieni tehoinen.<\/figcaption><\/figure><p>Huomaa, ett\u00e4 jos led muuntajan teho on riitt\u00e4m\u00e4t\u00f6n, ei ole mahdollista yhdist\u00e4\u00e4 samaa led valonauhaa useisiin led muuntajiin. Led muuntajilla on erilaiset k\u00e4ynnistymisajat, joten muuntaja, joka k\u00e4ynnistyy ensimm\u00e4isen\u00e4 ja jonka teho on riitt\u00e4m\u00e4t\u00f6n, laukaisee ylikuormitussuojan, sammuu ja k\u00e4ynnistyy sitten uudelleen. Sitten jokainen ohjain jatkaa k\u00e4ynnistymist\u00e4 ja pys\u00e4htymist\u00e4\u00e4 Non-stop keh\u00e4 on valmis.<\/p><h4><span class=\"ez-toc-section\" id=\"Led_valonauhan_tehon_tarve\"><\/span>Led valonauhan tehon tarve<span class=\"ez-toc-section-end\"><\/span><\/h4><p>Led valonauhan muuntajan tulee olla aina 10 \u2013 15 % suurempi, kuin laskennallinen tehon tarve. T\u00e4m\u00e4 siksi, ett\u00e4 my\u00f6s kaapelit aiheuttavat vastusta, sek\u00e4 jos muuntajaa ei k\u00e4ytet\u00e4 koko ajan 100% teholla, se kest\u00e4\u00e4 pidemp\u00e4\u00e4n.<\/p><p>Jos sinulla on 10 metri\u00e4 14,4 W metrill\u00e4 tehoista led valonauhaa, tarvitset muuntajan joka on 10 x 14,4 x 1,15 = 165 Wattia minimiss\u00e4\u00e4n. Muuntaja saa olla ylimitoitettu vaikka kuinka paljon, kun puhutaan led valonauhoista jotka ovat aina TASAJ\u00c4NNITTEISI\u00c4. Linkiss\u00e4 artikkeli, jossa mietit\u00e4\u00e4n valitsenko 12vakiovirta vai tasaj\u00e4nnite muuntajan.<\/p><h3><span class=\"ez-toc-section\" id=\"Led_nauhan_katkaisu_ja_huono_liitos\"><\/span>Led nauhan katkaisu ja huono liitos<span class=\"ez-toc-section-end\"><\/span><\/h3><p>Led nauhan katkaisu on helppoa. Leikkaat vain saksilla. Led-valonauhan katkaisuv\u00e4lit on merkitty hyvin. Mik\u00e4li katkaiset led-valonauhan v\u00e4\u00e4r\u00e4st\u00e4 kohtaa, siit\u00e4 pimenee katkaisuv\u00e4lin led piirit kokonaan.<\/p><p>Kun led-nauha vilkkuu tekem\u00e4si liitoksen kohdalta, tied\u00e4t ett\u00e4 sinulla on tullut huono liitos. Jos olet tehnyt sen pikaliittimell\u00e4, suosittelen juottamista. Ns kylm\u00e4juotos aiheuttaa vilkkumisen, koska virta kulkee huonosti l\u00e4pi.<\/p><p>T\u00e4m\u00e4 ilmenee my\u00f6s siten, ett\u00e4 kun laitat valot p\u00e4\u00e4lle, on esimerkiksi loppup\u00e4tk\u00e4 pime\u00e4n\u00e4. Mutta kun valot on v\u00e4h\u00e4n aikaa p\u00e4\u00e4ll\u00e4, loppuosa led valonauhasta syttyy, koska tapahtuu l\u00e4mp\u00f6laajenemista ja irronneet osat saavat kontaktia.\u00a0 T\u00e4m\u00e4 ilmi\u00f6 voi toki my\u00f6s olla p\u00e4in vastoin.<\/p><h3><span class=\"ez-toc-section\" id=\"Onko_led_valonauha_vaantynyt_tai_rikkoutunut\"><\/span>Onko led valonauha v\u00e4\u00e4ntynyt tai rikkoutunut?<span class=\"ez-toc-section-end\"><\/span><\/h3><p><strong>Vaurioitunut Led valonauha<\/strong> on vaihdettava, joko kokonaan tai vaurioituneelta osalta. Led valonauha on vaihdettava, jos se on taittunut tai v\u00e4\u00e4ntynyt niin, ett\u00e4 virrankulku h\u00e4iriintyy. 12Led valonauhan katkaiseminen ohjeessa on k\u00e4sitelty vioittuneen led valonauhan p\u00e4tk\u00e4n vaihtamista kuvallisella ohjeella.<\/p><p>Laadukas led nauha rikkoontuu siin\u00e4 miss\u00e4 edullisempikin, jos siit\u00e4 ei huolehdita hyvin.<\/p><p>T\u00e4ss\u00e4 olivat yleisimm\u00e4t n\u00e4kyv\u00e4n v\u00e4lkkymisen syyt. Jos haluat tiet\u00e4\u00e4 tarkemmin teknisi\u00e4 perusteita 12miten korjata v\u00e4lkkyv\u00e4 led nauha, lue kattava artikkelimme.<\/p><h2><span class=\"ez-toc-section\" id=\"Miten_korjata_NAKYMATON_led_valonauhan_vilkkuminen\"><\/span><span id=\"Miten_korjata_NAKYMATON_led_valonauhan_vilkkuminen\" class=\"ez-toc-section\"><\/span><span id=\"Miten_korjata_NAKYMATON_led_nauhan_valkynta\" class=\"ez-toc-section\"><\/span>Miten korjata N\u00c4KYM\u00c4T\u00d6N led valonauhan vilkkuminen?<span class=\"ez-toc-section-end\"><\/span><\/h2><p>Niin sanottu n\u00e4kym\u00e4t\u00f6n v\u00e4lkynt\u00e4 voi ilmet\u00e4 aavistuksenomaisena sirin\u00e4n\u00e4 tai s\u00e4rin\u00e4n\u00e4 valossa tai liit\u00e4nt\u00e4laitteissa. V\u00e4rin\u00e4n voi havaita my\u00f6s kameran linssin l\u00e4pi. Ihmiset ovat yksil\u00f6it\u00e4, ja v\u00e4lkkymisen havaitsemisessa on eroja. T\u00e4ss\u00e4 annettaan vinkit siihen, miten n\u00e4m\u00e4 n\u00e4kym\u00e4tt\u00f6m\u00e4t v\u00e4lkynn\u00e4t saadaan aisoihin.<\/p><figure id=\"attachment_53009\" aria-describedby=\"caption-attachment-53009\" style=\"width: 700px\" class=\"wp-caption alignnone\"><a href=\"https:\/\/ledstore.fi\/blog\/wp-content\/uploads\/Miksi-led-valot-vilkkuvat-kamerassa.jpg\" rel=\"dofollow\"><img loading=\"lazy\" decoding=\"async\" class=\"wp-image-53009 size-full\" src=\"https:\/\/ledstore.fi\/blog\/wp-content\/uploads\/Miksi-led-valot-vilkkuvat-kamerassa.jpg\" alt=\"Kuvassa huono n\u00e4kyvyys, koska led-valaistus saa kuvan vilkkumaan. Led valonauha vilkkuu\" width=\"700\" height=\"550\" srcset=\"https:\/\/www.ledprofiili.fi\/blog\/wp-content\/uploads\/Miksi-led-valot-vilkkuvat-kamerassa.jpg 700w, https:\/\/www.ledprofiili.fi\/blog\/wp-content\/uploads\/Miksi-led-valot-vilkkuvat-kamerassa-169x133.jpg 169w, https:\/\/www.ledprofiili.fi\/blog\/wp-content\/uploads\/Miksi-led-valot-vilkkuvat-kamerassa-509x400.jpg 509w\" sizes=\"auto, (max-width: 700px) 100vw, 700px\"><\/a><figcaption id=\"caption-attachment-53009\" class=\"wp-caption-text\">Miksi led valot vilkkuvat kamerassa<\/figcaption><\/figure><h3><span class=\"ez-toc-section\" id=\"Kayta_laadukkaita_komponentteja\"><\/span>K\u00e4yt\u00e4 laadukkaita komponentteja<span class=\"ez-toc-section-end\"><\/span><\/h3><p>K\u00e4yt\u00e4 mahdollisuuksien mukaan<strong> laadukkaita ja tarpeeksi suurella kuormitusvaralla valittuja led muuntajia ja matalaj\u00e4nnitteisi\u00e4 (12V tai 24V) led valonauhoja<\/strong>. Led muuntajat vaikuttavat siihen, ett\u00e4 led nauhat toimivat ilman v\u00e4lkynt\u00e4\u00e4 muuntamalla korkeaj\u00e4nnitteisen vaihtovirran tasaiseksi pienj\u00e4nnitteeksi.<\/p><h3><span class=\"ez-toc-section\" id=\"Kayta_korkeataajuuksisia_PMW_muuntajia\"><\/span>K\u00e4yt\u00e4 korkeataajuuksisia PMW muuntajia<span class=\"ez-toc-section-end\"><\/span><\/h3><p>Useimmissa tapauksissa syyllinen on liian matalalla taajuudella toimiva led muuntaja, mink\u00e4 takia led valot alkaa vilkkua kamerassa. PWM tarkoittaa tekniikkana Ledin hyvin nopeaa kytkemist\u00e4 p\u00e4\u00e4lle ja pois p\u00e4\u00e4lt\u00e4 nimellisvirralla. Ihmissilm\u00e4 voi havaita syklin v\u00e4lkynt\u00e4n\u00e4, jos se ei ole tarpeeksi nopea. Ty\u00f6sykli eli se aika, jonka LED on P\u00c4\u00c4LL\u00c4, suhteessa yhden t\u00e4yden syklin kokonaisaikaan m\u00e4\u00e4ritt\u00e4\u00e4 ledin kirkkaustason. Olemme kirjoittaneet lis\u00e4\u00e4 PWM-himmennyksest\u00e4 12artikkelissamme.<\/p><p><strong>K\u00e4yt\u00e4 muuntajan kanssa korkealaatuisia himmentimi\u00e4, joiden virkistystaajuus on korkea, l\u00e4hell\u00e4 1 kHz.<\/strong><\/p><p>Mik\u00e4li haluat tiet\u00e4\u00e4 tarkemmin miksi 12Led valot v\u00e4lkkyv\u00e4t kamerassa? Lue oheisesta artikkelistamme sen tekniset syyt ja miten se voidaan korjata.<\/p><h2><span class=\"ez-toc-section\" id=\"Led_valonauha_-aiheiset_asennusoppaamme\"><\/span>Led valonauha -aiheiset asennusoppaamme<span class=\"ez-toc-section-end\"><\/span><\/h2><p>Alla linkkej\u00e4 kirjoittamiini asennusoppaisiin ja vinkkiartikkeleihin.<\/p><ul>\n<li><a href=\"https:\/\/ledstore.fi\/blog\/led-valonauhan-rinnankytkenta\" target=\"_blank\" rel=\"dofollow noopener\">Led valonauhan rinnan kytkent\u00e4<\/a> \u2013 K\u00e4sittelemme rinnan kytkenn\u00e4n periaatetta ja annamme esimerkin.<\/li>\n<li><a href=\"https:\/\/ledstore.fi\/blog\/led-valonauhan-katkaiseminen\" target=\"_blank\" rel=\"dofollow noopener\">Led valonauhan katkaiseminen<\/a> \u2013 Led valonauhan katkaiseminen ja led nauhan palan vaihto<\/li>\n<li><a href=\"https:\/\/ledstore.fi\/blog\/led-valonauha-ei-syty\" target=\"_blank\" rel=\"dofollow noopener\">Led valonauha ei syty<\/a> \u2013 Miksi led nauha ei syty, k\u00e4ymme syyt l\u00e4pi<\/li>\n<li><a href=\"https:\/\/ledstore.fi\/blog\/led-valonauhan-kayttoika\" target=\"_blank\" rel=\"dofollow noopener\">Led valonauhan k\u00e4ytt\u00f6ik\u00e4<\/a> \u2013 Mik\u00e4 vaikuttaa k\u00e4ytt\u00f6ik\u00e4\u00e4n ja miksi toiset nauhat kest\u00e4v\u00e4t pidemp\u00e4\u00e4n?<\/li>\n<li><a href=\"https:\/\/ledstore.fi\/blog\/led-valonauhan-kiinnitys\" target=\"_blank\" rel=\"dofollow noopener\">Led valonauhan kiinnitys<\/a> \u2013 Miten kiinnit\u00e4n led nauhan sis\u00e4ll\u00e4 tai ulkona? Mit\u00e4 pit\u00e4\u00e4 huomioida?<\/li>\n<li><a href=\"https:\/\/ledstore.fi\/blog\/led-valonauhan-liittaminen-muuntajaan\" target=\"_blank\" rel=\"dofollow noopener\">Led valonauhan liitt\u00e4minen muuntajaan<\/a> \u2013 Miten liit\u00e4n led nauhan erityyppisiin muuntajiin?<\/li>\n<li><a href=\"https:\/\/ledstore.fi\/blog\/rgb-led-valonauhan-kytkenta\" target=\"_blank\" rel=\"dofollow noopener\">RGB Led valonauhan kytkent\u00e4<\/a> \u2013 Miten kytken led valonauhan erilaisiin ohjauslaitteisiin?<\/li>\n<li><a href=\"https:\/\/ledstore.fi\/blog\/led-valonauhan-jatkaminen\" target=\"_blank\" rel=\"dofollow noopener\">Led valonauhan jatkaminen<\/a> \u2013 Miten juotan liitokset? Pieni juotosopas aloittelijalle.<\/li>\n<\/ul><h2><span class=\"ez-toc-section\" id=\"Led_valonauhan_asiantuntija\"><\/span>Led valonauhan asiantuntija<span class=\"ez-toc-section-end\"><\/span><\/h2><p>LedStore on toiminut led-valaistuksen ja valaistussuunnittelun asiantuntijana jo vuodesta 2010. Meill\u00e4 on oma tuotesuunnittelu, joten tuotteet ovat teknisesti huippuluokkaa. Tuotteiden takuut ovat jopa 7 vuotta. Suoritamme my\u00f6s valaisinhuoltoa.<\/p><p>Keskitymme l\u00e4mp\u00f6tilas\u00e4\u00e4dett\u00e4viin ja korkean v\u00e4rintoiston valaisimiin, joten valaisimet toimivat loistavasti ja pitk\u00e4ik\u00e4isesti. Teemme vuodessa satoja valaistussuunnitteluja asiakkaidemme kohteisiin. <a href=\"https:\/\/ledstore.fi\/palvelut\/valaistussuunnittelu\" rel=\"dofollow\">Lue t\u00e4st\u00e4 lis\u00e4\u00e4 tai tilaa suunnittelu<\/a>. <strong><em>Tiesitk\u00f6? LedStore tarjoaa valaistussuunnittelua alkaen 169 euroa koko taloon!\u00a0<\/em><\/strong><\/p><h3><span class=\"ez-toc-section\" id=\"Mittatilaus_Led_valonauhat\"><\/span>Mittatilaus Led valonauhat<span class=\"ez-toc-section-end\"><\/span><\/h3><p>Tarjoamme palveluna <a href=\"https:\/\/ledstore.fi\/palvelut\/mittatilaus\" rel=\"dofollow\">mittatilaus led nauhoja<\/a>, eli jokaiselle omien mittojen mukaan led-nauhat alumiiniprofiilissa.\u00a0 My\u00f6s\u00a0<a href=\"https:\/\/ledstore.fi\/sivu\/led-valojen-asennus\/valaisimen-asennus\" rel=\"dofollow\">asennettuna.<\/a><\/p><p>Muista, ett\u00e4 olemme aina valmiina tukemaan sinua matkan varrella s\u00e4hk\u00f6postitse (<a href=\"mailto:myynti@ledstore.fi\" rel=\"dofollow\">myynti@ledstore.fi<\/a>) ja puhelimitse (045 251 4510). Voit jakaa vapaasti sosiaalisessa mediassa kuvia omista projekteistasi #ledstorefi IG:ss\u00e4 ja ledstorefinland FB:ss\u00e4. Rakastamme n\u00e4hd\u00e4, miten hienoja juttuja Ledeill\u00e4mme tehd\u00e4\u00e4n, ja se auttaa tarjoamaan inspiraatiota niille, jotka eiv\u00e4t ole viel\u00e4 varmoja ledien tehosta ja mahtavuudesta.<\/p><p><strong>Tiesitk\u00f6, ett\u00e4 meill\u00e4 on jo yli 3 500 kuvaa meid\u00e4n ledeill\u00e4 tehdyist\u00e4 asennuksista<a href=\"https:\/\/ledstore.fi\/kuvagalleria\" rel=\"dofollow\"> Galleriassamme!<\/a><\/strong><\/p><p><\/p>\n","protected":false},"excerpt":{"rendered":"<p>Led valonauha vilkkuu. Se on \u00e4rsytt\u00e4v\u00e4\u00e4. Ennen kuin vian voi korjata, pit\u00e4\u00e4 kuitenkin eritell\u00e4 mink\u00e4laista vilkkumista tapahtuu. Onko se n\u00e4kyv\u00e4\u00e4 (silmin havaittavaa) vilkkumista vai n\u00e4kym\u00e4t\u00f6nt\u00e4 (kamerassa). Led-valonauhat ovat herkki\u00e4, mutta silti taipuisia, joten vilkkuminen saattaa johtua esimerkiksi asennusvaiheen virheest\u00e4. Led valonauha vilkkuu, mutta miksi? Syit\u00e4 voi olla monia erilaisia, jotka aiheuttavat led-valonauhan vilkkumista. K\u00e4yd\u00e4\u00e4np\u00e4 seuraavaksi &hellip;<\/p>\n","protected":false},"author":1,"featured_media":53436,"parent":0,"menu_order":0,"comment_status":"closed","ping_status":"closed","template":"","meta":{"_acf_changed":false,"om_disable_all_campaigns":false,"_monsterinsights_skip_tracking":false,"_monsterinsights_sitenote_active":false,"_monsterinsights_sitenote_note":"","_monsterinsights_sitenote_category":0,"footnotes":""},"class_list":["post-56884","page","type-page","status-publish","has-post-thumbnail","hentry"],"acf":[],"aioseo_notices":[],"_links":{"self":[{"href":"https:\/\/www.ledprofiili.fi\/blog\/wp-json\/wp\/v2\/pages\/56884","targetHints":{"allow":["GET"]}}],"collection":[{"href":"https:\/\/www.ledprofiili.fi\/blog\/wp-json\/wp\/v2\/pages"}],"about":[{"href":"https:\/\/www.ledprofiili.fi\/blog\/wp-json\/wp\/v2\/types\/page"}],"author":[{"embeddable":true,"href":"https:\/\/www.ledprofiili.fi\/blog\/wp-json\/wp\/v2\/users\/1"}],"replies":[{"embeddable":true,"href":"https:\/\/www.ledprofiili.fi\/blog\/wp-json\/wp\/v2\/comments?post=56884"}],"version-history":[{"count":3,"href":"https:\/\/www.ledprofiili.fi\/blog\/wp-json\/wp\/v2\/pages\/56884\/revisions"}],"predecessor-version":[{"id":72757,"href":"https:\/\/www.ledprofiili.fi\/blog\/wp-json\/wp\/v2\/pages\/56884\/revisions\/72757"}],"wp:featuredmedia":[{"embeddable":true,"href":"https:\/\/www.ledprofiili.fi\/blog\/wp-json\/wp\/v2\/media\/53436"}],"wp:attachment":[{"href":"https:\/\/www.ledprofiili.fi\/blog\/wp-json\/wp\/v2\/media?parent=56884"}],"curies":[{"name":"wp","href":"https:\/\/api.w.org\/{rel}","templated":true}]}}