{"id":57061,"date":"2023-06-03T16:38:59","date_gmt":"2023-06-03T13:38:59","guid":{"rendered":"https:\/\/ledstore.fi\/blog\/?page_id=57061"},"modified":"2023-06-06T13:59:29","modified_gmt":"2023-06-06T10:59:29","slug":"led-valonauhan-kiinnitys","status":"publish","type":"page","link":"https:\/\/www.ledprofiili.fi\/blog\/led-valonauhan-kiinnitys","title":{"rendered":"LED valonauhan kiinnitys"},"content":{"rendered":"<!--?xml encoding=\"UTF-8\"--><p>LED-valonauhat ovat nousseet suosioon tarjoamalla uskomattoman m\u00e4\u00e4r\u00e4n erilaisia ja tyylikk\u00e4it\u00e4 valaistusratkaisuja. Ne ovat helppok\u00e4ytt\u00f6isi\u00e4 ja monipuolisia, ja niit\u00e4 voidaan k\u00e4ytt\u00e4\u00e4 monissa eri ymp\u00e4rist\u00f6iss\u00e4, kuten keitti\u00f6iss\u00e4, olohuoneissa ja jopa ulkotiloissa. Kerrataanpa niiden kiinnityst\u00e4.<\/p><div id=\"ez-toc-container\" class=\"ez-toc-v2_0_81 counter-hierarchy ez-toc-counter ez-toc-white ez-toc-container-direction\">\n<nav><ul class=\"ez-toc-list ez-toc-list-level-1 \"><li class=\"ez-toc-page-1 ez-toc-heading-level-2\"><a class=\"ez-toc-link ez-toc-heading-1\" href=\"https:\/\/www.ledprofiili.fi\/blog\/led-valonauhan-kiinnitys\/#LED-valonauhan_valinta\">LED-valonauhan valinta<\/a><\/li><li class=\"ez-toc-page-1 ez-toc-heading-level-2\"><a class=\"ez-toc-link ez-toc-heading-2\" href=\"https:\/\/www.ledprofiili.fi\/blog\/led-valonauhan-kiinnitys\/#Tarvittavat_tyokalut_ja_materiaalit\">Tarvittavat ty\u00f6kalut ja materiaalit<\/a><\/li><li class=\"ez-toc-page-1 ez-toc-heading-level-2\"><a class=\"ez-toc-link ez-toc-heading-3\" href=\"https:\/\/www.ledprofiili.fi\/blog\/led-valonauhan-kiinnitys\/#LED-valonauhan_kiinnityksen_suunnittelu\">LED-valonauhan kiinnityksen suunnittelu<\/a><\/li><li class=\"ez-toc-page-1 ez-toc-heading-level-2\"><a class=\"ez-toc-link ez-toc-heading-4\" href=\"https:\/\/www.ledprofiili.fi\/blog\/led-valonauhan-kiinnitys\/#LED-valonauhan_kiinnitys\">LED-valonauhan kiinnitys<\/a><ul class=\"ez-toc-list-level-3\"><li class=\"ez-toc-heading-level-3\"><a class=\"ez-toc-link ez-toc-heading-5\" href=\"https:\/\/www.ledprofiili.fi\/blog\/led-valonauhan-kiinnitys\/#Led_profiili\">Led profiili<\/a><\/li><li class=\"ez-toc-page-1 ez-toc-heading-level-3\"><a class=\"ez-toc-link ez-toc-heading-6\" href=\"https:\/\/www.ledprofiili.fi\/blog\/led-valonauhan-kiinnitys\/#Kulmat\">Kulmat<\/a><\/li><\/ul><\/li><li class=\"ez-toc-page-1 ez-toc-heading-level-2\"><a class=\"ez-toc-link ez-toc-heading-7\" href=\"https:\/\/www.ledprofiili.fi\/blog\/led-valonauhan-kiinnitys\/#Sanoinko_jo_Led_valonauhan_kiinnitys_luotettavasti_vain_kayttamalla_led_profiilia\">Sanoinko jo? Led valonauhan kiinnitys luotettavasti vain k\u00e4ytt\u00e4m\u00e4ll\u00e4 led profiilia!<\/a><\/li><li class=\"ez-toc-page-1 ez-toc-heading-level-2\"><a class=\"ez-toc-link ez-toc-heading-8\" href=\"https:\/\/www.ledprofiili.fi\/blog\/led-valonauhan-kiinnitys\/#Led_valonauhan_asennusoppaat\">Led valonauhan asennusoppaat<\/a><\/li><li class=\"ez-toc-page-1 ez-toc-heading-level-2\"><a class=\"ez-toc-link ez-toc-heading-9\" href=\"https:\/\/www.ledprofiili.fi\/blog\/led-valonauhan-kiinnitys\/#Led_valonauhan_asiantuntija\">Led valonauhan asiantuntija<\/a><ul class=\"ez-toc-list-level-3\"><li class=\"ez-toc-heading-level-3\"><a class=\"ez-toc-link ez-toc-heading-10\" href=\"https:\/\/www.ledprofiili.fi\/blog\/led-valonauhan-kiinnitys\/#Mittatilaus_Led_valonauhat\">Mittatilaus Led valonauhat<\/a><\/li><\/ul><\/li><\/ul><\/nav><\/div><h2><span class=\"ez-toc-section\" id=\"LED-valonauhan_valinta\"><\/span>LED-valonauhan valinta<span class=\"ez-toc-section-end\"><\/span><\/h2><p>LED-valonauhoja on saatavilla monissa eri tyypeiss\u00e4 ja v\u00e4reiss\u00e4. Valonauhan valinnassa on t\u00e4rke\u00e4\u00e4 ottaa huomioon nauhan kotelointiluokitus, joka selvi\u00e4\u00e4 nauhan pakkauksesta tai tuotekuvauksesta. Luokitus kertoo, kuinka hyvin nauha kest\u00e4\u00e4 esimerkiksi kosteutta ja p\u00f6ly\u00e4.<\/p><p><strong>IP65<\/strong> tarkoittaa k\u00e4yt\u00e4nn\u00f6ss\u00e4 ett\u00e4 LED-valonauha on vesitiivis. N\u00e4iss\u00e4 LED-valonauhoissa on suojaus p\u00e4\u00e4ll\u00e4, joka tulee kuoria LED-nauhan jatkoksen tekemist\u00e4 varten. T\u00e4m\u00e4 siksi ett\u00e4 juotospisteet ovat suojan alla. Lis\u00e4ksi juotospisteet tulee usein pyyhki\u00e4 paremmin puhtaaksi silikoni tai PVC j\u00e4\u00e4mien vuoksi.<\/p><figure id=\"attachment_57069\" aria-describedby=\"caption-attachment-57069\" style=\"width: 1000px\" class=\"wp-caption alignnone\"><a href=\"https:\/\/ledstore.fi\/blog\/wp-content\/uploads\/IP65-COB-led-valonauha.png\" rel=\"dofollow\"><img loading=\"lazy\" decoding=\"async\" class=\"wp-image-57069\" src=\"https:\/\/ledstore.fi\/blog\/wp-content\/uploads\/IP65-COB-led-valonauha-763x400.png\" alt=\"IP65 COB led valonauha\" width=\"1000\" height=\"524\" srcset=\"https:\/\/www.ledprofiili.fi\/blog\/wp-content\/uploads\/IP65-COB-led-valonauha-763x400.png 763w, https:\/\/www.ledprofiili.fi\/blog\/wp-content\/uploads\/IP65-COB-led-valonauha-254x133.png 254w, https:\/\/www.ledprofiili.fi\/blog\/wp-content\/uploads\/IP65-COB-led-valonauha.png 1200w\" sizes=\"auto, (max-width: 1000px) 100vw, 1000px\"><\/a><figcaption id=\"caption-attachment-57069\" class=\"wp-caption-text\">IP65 COB led valonauha<\/figcaption><\/figure><p><strong>IP21<\/strong> tarkoittaa kuivan tilan LED-valonauhaa. N\u00e4it\u00e4 LED-valonauhoja on helpompi juottaa toisiinsa.<\/p><figure id=\"attachment_57180\" aria-describedby=\"caption-attachment-57180\" style=\"width: 1000px\" class=\"wp-caption alignnone\"><a href=\"https:\/\/ledstore.fi\/blog\/wp-content\/uploads\/IP21-COB-led-valonauha.png\" rel=\"dofollow\"><img loading=\"lazy\" decoding=\"async\" class=\"wp-image-57180\" src=\"https:\/\/ledstore.fi\/blog\/wp-content\/uploads\/IP21-COB-led-valonauha-763x400.png\" alt=\"IP21 COB led valonauha\" width=\"1000\" height=\"524\" srcset=\"https:\/\/www.ledprofiili.fi\/blog\/wp-content\/uploads\/IP21-COB-led-valonauha-763x400.png 763w, https:\/\/www.ledprofiili.fi\/blog\/wp-content\/uploads\/IP21-COB-led-valonauha-254x133.png 254w, https:\/\/www.ledprofiili.fi\/blog\/wp-content\/uploads\/IP21-COB-led-valonauha.png 1200w\" sizes=\"auto, (max-width: 1000px) 100vw, 1000px\"><\/a><figcaption id=\"caption-attachment-57180\" class=\"wp-caption-text\">IP21 COB led valonauhassa ei ole suojakerrosta<\/figcaption><\/figure><p>Lis\u00e4ksi LED-valonauhaa valitessa huomioidaan sen ominaisuudet ja siten, kuinka monta johdinta siihen tulee juottaa liitosta varten. Ja siten sen vaikeuskerroin.<\/p><p>On t\u00e4ysin eri asia juottaa 6 johdinta 12mm leve\u00e4\u00e4n tilaan kuin 2 juotosta.<\/p><figure id=\"attachment_57211\" aria-describedby=\"caption-attachment-57211\" style=\"width: 1000px\" class=\"wp-caption alignnone\"><a href=\"https:\/\/ledstore.fi\/blog\/wp-content\/uploads\/Juotospisteiden-maara-Led-valonauhassa.jpg\" rel=\"dofollow\"><img loading=\"lazy\" decoding=\"async\" class=\"wp-image-57211\" src=\"https:\/\/ledstore.fi\/blog\/wp-content\/uploads\/Juotospisteiden-maara-Led-valonauhassa-950x353.jpg\" alt=\"Juotospisteiden m\u00e4\u00e4r\u00e4 Led valonauhassa vaihtelee Nauhan ominaisuuksien mukaan\" width=\"1000\" height=\"372\" srcset=\"https:\/\/www.ledprofiili.fi\/blog\/wp-content\/uploads\/Juotospisteiden-maara-Led-valonauhassa-950x353.jpg 950w, https:\/\/www.ledprofiili.fi\/blog\/wp-content\/uploads\/Juotospisteiden-maara-Led-valonauhassa-317x118.jpg 317w, https:\/\/www.ledprofiili.fi\/blog\/wp-content\/uploads\/Juotospisteiden-maara-Led-valonauhassa.jpg 1200w\" sizes=\"auto, (max-width: 1000px) 100vw, 1000px\"><\/a><figcaption id=\"caption-attachment-57211\" class=\"wp-caption-text\">Juotospisteiden m\u00e4\u00e4r\u00e4 Led valonauhassa vaihtelee nauhan ominaisuuksien mukaan.<\/figcaption><\/figure><p>Olemme kirjoittaneet oman ohjeen Led valonauhan 12katkaisusta ja jatkamisesta.<\/p><h2><span class=\"ez-toc-section\" id=\"Tarvittavat_tyokalut_ja_materiaalit\"><\/span>Tarvittavat ty\u00f6kalut ja materiaalit<span class=\"ez-toc-section-end\"><\/span><\/h2><p>LED-valonauhan kiinnitt\u00e4miseen tarvitaan usein vain nauhan pohjassa oleva teippi ja erilliset LED asennusprofiilit. Joissakin tapauksissa, kuten NEON LED-valonauhoissa, k\u00e4ytet\u00e4\u00e4n sen omia erillisi\u00e4 kannakkeita.<\/p><figure id=\"attachment_57237\" aria-describedby=\"caption-attachment-57237\" style=\"width: 1000px\" class=\"wp-caption alignnone\"><a href=\"https:\/\/ledstore.fi\/blog\/wp-content\/uploads\/NEON.jpg\" rel=\"dofollow\"><img loading=\"lazy\" decoding=\"async\" class=\"wp-image-57237\" src=\"https:\/\/ledstore.fi\/blog\/wp-content\/uploads\/NEON-823x400.jpg\" alt=\"NEON Led valonauhan kiinnitys ja leikkauspisteet\" width=\"1000\" height=\"486\" srcset=\"https:\/\/www.ledprofiili.fi\/blog\/wp-content\/uploads\/NEON-823x400.jpg 823w, https:\/\/www.ledprofiili.fi\/blog\/wp-content\/uploads\/NEON-274x133.jpg 274w, https:\/\/www.ledprofiili.fi\/blog\/wp-content\/uploads\/NEON.jpg 1200w\" sizes=\"auto, (max-width: 1000px) 100vw, 1000px\"><\/a><figcaption id=\"caption-attachment-57237\" class=\"wp-caption-text\">NEON Led valonauha 24V ja kiinnikkeet<\/figcaption><\/figure><p>NEON LED valonauhat eiv\u00e4t tarvitse asennukseen alumiiniprofiilia, koska ne ovat pienempitehoisia, ja suunniteltu siten, ett\u00e4 ne eiv\u00e4t l\u00e4mpene liikaa. Niit\u00e4 k\u00e4ytet\u00e4\u00e4n etup\u00e4\u00e4ss\u00e4 ulkotiloissa, jolloin ne ovat l\u00e4ht\u00f6kohtaisesti viile\u00e4mm\u00e4ss\u00e4 tilassa.<\/p><p>Lis\u00e4ksi tarvitaan mittanauha nauhan pituuden mittaamiseen, metallisaha profiilin katkaisemista varten ja mahdollisesti sakset nauhan lyhent\u00e4miseen. LED valonauhojen yhdist\u00e4miseen tarvitaan tinakolvi ja juotostinaa.<\/p><h2><span class=\"ez-toc-section\" id=\"LED-valonauhan_kiinnityksen_suunnittelu\"><\/span>LED-valonauhan kiinnityksen suunnittelu<span class=\"ez-toc-section-end\"><\/span><\/h2><p>Ennen LED-valonauhan kiinnitt\u00e4mist\u00e4 on t\u00e4rke\u00e4\u00e4 suunnitella, mihin paikkaan nauha halutaan asentaa. Mittaa kohde tarkasti leikkaa aina profiilit ensin ja vasta sitten LED-valonauhat.<\/p><p>Valonauhoissa on katkaisupisteet aina 2,5-10cm v\u00e4lein (on poikkeuksia) ja LED profiilien sis\u00e4lle olisi muutenkin hyv\u00e4 j\u00e4tt\u00e4\u00e4 1-2 cm juottamista varten tilaa, ennen kuin johto tulee profiilista ulos. T\u00e4m\u00e4 siksi ett\u00e4 liitos voidaan tarvittaessa my\u00f6s tiivist\u00e4\u00e4 ulkok\u00e4yt\u00f6ss\u00e4, sen hapettumisen est\u00e4miseksi.<\/p><figure id=\"attachment_57177\" aria-describedby=\"caption-attachment-57177\" style=\"width: 1000px\" class=\"wp-caption alignnone\"><a href=\"https:\/\/ledstore.fi\/blog\/wp-content\/uploads\/Erilaisia-LED-valonauhoja.jpg\" rel=\"dofollow\"><img loading=\"lazy\" decoding=\"async\" class=\"wp-image-57177\" src=\"https:\/\/ledstore.fi\/blog\/wp-content\/uploads\/Erilaisia-LED-valonauhoja-943x400.jpg\" alt=\"Erilaisia LED valonauhoja\" width=\"1000\" height=\"424\" srcset=\"https:\/\/www.ledprofiili.fi\/blog\/wp-content\/uploads\/Erilaisia-LED-valonauhoja-943x400.jpg 943w, https:\/\/www.ledprofiili.fi\/blog\/wp-content\/uploads\/Erilaisia-LED-valonauhoja-314x133.jpg 314w, https:\/\/www.ledprofiili.fi\/blog\/wp-content\/uploads\/Erilaisia-LED-valonauhoja.jpg 1200w\" sizes=\"auto, (max-width: 1000px) 100vw, 1000px\"><\/a><figcaption id=\"caption-attachment-57177\" class=\"wp-caption-text\">Erilaisia LED valonauhoja<\/figcaption><\/figure><p>LED profiilit kiinnitet\u00e4\u00e4n yleens\u00e4 niiden omilla kannakkeilla n. 50 cm v\u00e4lein. Kannakkeet vain ruuvataan kiinni ja LED profiilit painetaan kannakkeisiin.<\/p><h2><span class=\"ez-toc-section\" id=\"LED-valonauhan_kiinnitys\"><\/span>LED-valonauhan kiinnitys<span class=\"ez-toc-section-end\"><\/span><\/h2><p>LED-nauhan kiinnitys on suhteellisen yksinkertainen prosessi. Nauha voidaan kiinnitt\u00e4\u00e4 suoraan puhdistetulle ja kuivalle pinnalle nauhan takana olevalla teipill\u00e4. Kun k\u00e4yt\u00e4t asennusprofiileja, nauha kiinnitet\u00e4\u00e4n profiilin sis\u00e4\u00e4n ja suojakansi painetaan paikoilleen.<\/p><h3><span class=\"ez-toc-section\" id=\"Led_profiili\"><\/span>Led profiili<span class=\"ez-toc-section-end\"><\/span><\/h3><p>Energiatehokkaat LED valonauhat tarvitsevat AINA LED profiilin j\u00e4\u00e4hdytt\u00e4m\u00e4\u00e4n LED valonauhaa, sek\u00e4 tarjoavat aina paremman kiinnityspinnan kuin lasi tai puupinta. T\u00e4ss\u00e4 viel\u00e4 kertauksena pari asiaa:<\/p><ul>\n<li><strong>J\u00e4\u00e4hdytys<\/strong> \u2013 LED valonauha on pidempi-ik\u00e4inen<\/li>\n<li><strong>Parempi pito<\/strong> \u2013 LED valonauha ei tipu<\/li>\n<li><strong>Helpompi kiinnitys\u00a0<\/strong> \u2013 Ei tarvitse viritell\u00e4 esim. puu pinnoilla kiinnityst\u00e4<\/li>\n<li><strong>Valon tasaisuus opaalikannen avulla<\/strong> \u2013 Pistem\u00e4isempikin LED valonauha tasoittuu<\/li>\n<\/ul><figure id=\"attachment_47071\" aria-describedby=\"caption-attachment-47071\" style=\"width: 1000px\" class=\"wp-caption alignnone\"><a href=\"https:\/\/ledstore.fi\/blog\/wp-content\/uploads\/Talo-Juutilainen-%C2%A9LedStore-6.jpg\" rel=\"dofollow\"><img loading=\"lazy\" decoding=\"async\" class=\"wp-image-47071\" src=\"https:\/\/ledstore.fi\/blog\/wp-content\/uploads\/Talo-Juutilainen-%C2%A9LedStore-6-579x400.jpg\" alt=\"Ty\u00f6tasovalaisussa mustassa matalassa pintaprofiilissa \u00a9LedStore\" width=\"1000\" height=\"691\" srcset=\"https:\/\/www.ledprofiili.fi\/blog\/wp-content\/uploads\/Talo-Juutilainen-\u00a9LedStore-6-579x400.jpg 579w, https:\/\/www.ledprofiili.fi\/blog\/wp-content\/uploads\/Talo-Juutilainen-\u00a9LedStore-6-193x133.jpg 193w, https:\/\/www.ledprofiili.fi\/blog\/wp-content\/uploads\/Talo-Juutilainen-\u00a9LedStore-6.jpg 1200w\" sizes=\"auto, (max-width: 1000px) 100vw, 1000px\"><\/a><figcaption id=\"caption-attachment-47071\" class=\"wp-caption-text\">Ty\u00f6tasovalaisu, led-nauha mustassa matalassa pintaprofiilissa.<\/figcaption><\/figure><p>Olen kirjoittanut pidemm\u00e4n artikkelin, jossa k\u00e4sitell\u00e4\u00e4n aihetta \u201d12Miksi led valonauha tarvitsee alumiiniprofiilin?\u201d. Artikkelissa k\u00e4yd\u00e4\u00e4n l\u00e4pi mm. eri materiaalien l\u00e4mm\u00f6njohtokyky\u00e4 ja niiden vaikutusta 12LED valonauhan k\u00e4ytt\u00f6ik\u00e4\u00e4n.<\/p><h3><span class=\"ez-toc-section\" id=\"Kulmat\"><\/span>Kulmat<span class=\"ez-toc-section-end\"><\/span><\/h3><p>LED valonauha taipuu vain rullan suuntaan. Muista, ett\u00e4 nauhaa voi joutua lyhent\u00e4m\u00e4\u00e4n, jatkamaan ja vet\u00e4m\u00e4\u00e4n kulmien ja reunojen yli. Kulmissa suosittelemme aina k\u00e4ytt\u00e4m\u00e4\u00e4n lyhytt\u00e4 johtoa 90 asteen mutkassa, mieluummin kuin taivuttaa LED valonauhaa kulman yli. T\u00e4m\u00e4 kulmajohto juotetaan juotoskolvilla.<\/p><figure id=\"attachment_57240\" aria-describedby=\"caption-attachment-57240\" style=\"width: 1000px\" class=\"wp-caption alignnone\"><a href=\"https:\/\/ledstore.fi\/blog\/wp-content\/uploads\/Led-valonauhan-90-kulma-juotettu-ja-kansi-paalla.png\" rel=\"dofollow\"><img loading=\"lazy\" decoding=\"async\" class=\"wp-image-57240\" src=\"https:\/\/ledstore.fi\/blog\/wp-content\/uploads\/Led-valonauhan-90-kulma-juotettu-ja-kansi-paalla-950x235.png\" alt=\"Led valonauhan 90 kulma juotettu ja kansi p\u00e4\u00e4ll\u00e4\" width=\"1000\" height=\"248\" srcset=\"https:\/\/www.ledprofiili.fi\/blog\/wp-content\/uploads\/Led-valonauhan-90-kulma-juotettu-ja-kansi-paalla-950x235.png 950w, https:\/\/www.ledprofiili.fi\/blog\/wp-content\/uploads\/Led-valonauhan-90-kulma-juotettu-ja-kansi-paalla-317x78.png 317w, https:\/\/www.ledprofiili.fi\/blog\/wp-content\/uploads\/Led-valonauhan-90-kulma-juotettu-ja-kansi-paalla.png 1200w\" sizes=\"auto, (max-width: 1000px) 100vw, 1000px\"><\/a><figcaption id=\"caption-attachment-57240\" class=\"wp-caption-text\">Led valonauhan 90 kulma juotettu ja kansi p\u00e4\u00e4ll\u00e4<\/figcaption><\/figure><p>NEON LED nauhat on taas suunniteltu yleens\u00e4 taipumaan p\u00e4invastaiseen suuntaan valopintaan n\u00e4hden, kuin rullalla olevat LED valonauhat. NEON nauhojen kiinnitys tapahtuu siis samalla tavalla kuin LED profiilienkin. Sen omilla kannakkeilla, mutta tuplasti tihe\u00e4mp\u00e4\u00e4n.<\/p><figure id=\"attachment_46135\" aria-describedby=\"caption-attachment-46135\" style=\"width: 1000px\" class=\"wp-caption alignnone\"><a href=\"https:\/\/ledstore.fi\/blog\/wp-content\/uploads\/kaikki-savyt.png\" rel=\"dofollow\"><img loading=\"lazy\" decoding=\"async\" class=\"wp-image-46135\" src=\"https:\/\/ledstore.fi\/blog\/wp-content\/uploads\/kaikki-savyt-950x370.png\" alt=\"NEON led valonauha taipuu sivusuunnassa\" width=\"1000\" height=\"389\" srcset=\"https:\/\/www.ledprofiili.fi\/blog\/wp-content\/uploads\/kaikki-savyt-950x370.png 950w, https:\/\/www.ledprofiili.fi\/blog\/wp-content\/uploads\/kaikki-savyt-317x123.png 317w, https:\/\/www.ledprofiili.fi\/blog\/wp-content\/uploads\/kaikki-savyt.png 1200w\" sizes=\"auto, (max-width: 1000px) 100vw, 1000px\"><\/a><figcaption id=\"caption-attachment-46135\" class=\"wp-caption-text\">NEON led valonauha taipuu sivusuunnassa<\/figcaption><\/figure><p><strong>Jos haluat n\u00e4hd\u00e4 NEON nauhan k\u00e4yt\u00e4nn\u00f6n projekteja, lue n\u00e4m\u00e4:<\/strong><\/p><p>12NEON nauhaa terassille \u2013 Artikkeli jossa asennan NEON 24V nauhaa terassin lattiaan<\/p><p>12NEON nauhaa kattoon \u2013 Artikkeli jossa asennamme toimistolla NEON 24V nauhaa kattoon melkein onnistuneesti.<\/p><h2><span class=\"ez-toc-section\" id=\"Sanoinko_jo_Led_valonauhan_kiinnitys_luotettavasti_vain_kayttamalla_led_profiilia\"><\/span>Sanoinko jo? Led valonauhan kiinnitys luotettavasti vain k\u00e4ytt\u00e4m\u00e4ll\u00e4 led profiilia!<span class=\"ez-toc-section-end\"><\/span><\/h2><p>Eli Led valonauhan kiinnityst\u00e4 ei suositella teht\u00e4v\u00e4ksi suoraan lasiin tai puuhun, ellei kyseess\u00e4 ole viile\u00e4 tila, kuten kylmi\u00f6, ulkotila, tms. Niiss\u00e4kin kohteissa tulee haasteeksi teipin pit\u00e4vyys joustavalla tai l\u00e4mp\u00f6tilan ja s\u00e4\u00e4n vaikutuksen alla olevilla materiaaleilla.<\/p><p>Poikkeus vahvistaa s\u00e4\u00e4nn\u00f6n. Pienitehoiset (2-3 W per metri) led valonauhat eiv\u00e4t tuota juurikaan l\u00e4mp\u00f6\u00e4, joten niiden kanssa yleens\u00e4 p\u00e4rj\u00e4t\u00e4\u00e4n paremmin ilman profiilia. N\u00e4illekin profiili kuitenkin antaa suojaa p\u00f6lylt\u00e4 ja lialta.<\/p><h2><span class=\"ez-toc-section\" id=\"Led_valonauhan_asennusoppaat\"><\/span>Led valonauhan asennusoppaat<span class=\"ez-toc-section-end\"><\/span><\/h2><ul>\n<li>12Led valonauhan rinnan kytkent\u00e4 \u2013 K\u00e4sittelemme rinnan kytkenn\u00e4n periaatetta ja annamme esimerkin.<\/li>\n<li>12Led valonauhan katkaiseminen \u2013 Led valonauhan katkaiseminen ja led nauhan palan vaihto<\/li>\n<li>12Led valonauha ei syty \u2013 Miksi led nauha ei syty, k\u00e4ymme syyt l\u00e4pi<\/li>\n<li>12Led valonauha vilkkuu \u2013 Miksi led valonauha vilkkuu? Syit\u00e4 on monia ja k\u00e4ymme ne kaikki l\u00e4pi.<\/li>\n<li>12Led valonauhan k\u00e4ytt\u00f6ik\u00e4 \u2013 Mik\u00e4 vaikuttaa k\u00e4ytt\u00f6ik\u00e4\u00e4n ja miksi toiset nauhat kest\u00e4v\u00e4t pidemp\u00e4\u00e4n?<\/li>\n<li>12Led valonauhan liitt\u00e4minen muuntajaan \u2013 Miten liit\u00e4n led nauhan erityyppisiin muuntajiin?<\/li>\n<li>12RGB Led valonauhan kytkent\u00e4 \u2013 Miten kytken RGB led valonauhan erilaisiin ohjauslaitteisiin?<\/li>\n<li>12Led valonauhan jatkaminen \u2013 Miten juotan liitokset? Pieni juotosopas aloittelijalle.<\/li>\n<\/ul><h2><span class=\"ez-toc-section\" id=\"Led_valonauhan_asiantuntija\"><\/span>Led valonauhan asiantuntija<span class=\"ez-toc-section-end\"><\/span><\/h2><p>LedStore on toiminut led-valaistuksen ja valaistussuunnittelun asiantuntijana jo vuodesta 2010. Meill\u00e4 on oma tuotesuunnittelu, joten tuotteet ovat teknisesti huippuluokkaa. Tuotteiden takuut ovat jopa 7 vuotta. Suoritamme my\u00f6s valaisinhuoltoa.<\/p><p>Keskitymme l\u00e4mp\u00f6tilas\u00e4\u00e4dett\u00e4viin ja korkean v\u00e4rintoiston valaisimiin, joten valaisimet toimivat loistavasti ja pitk\u00e4ik\u00e4isesti. Teemme vuodessa n. 500 valaistussuunnittelua asiakkaidemme kohteisiin.\u00a0<a href=\"https:\/\/ledstore.fi\/palvelut\/valaistussuunnittelu\" rel=\"dofollow\">Lue t\u00e4st\u00e4 lis\u00e4\u00e4 tai tilaa suunnittelu<\/a>. <strong><em>Tiesitk\u00f6? LedStore tarjoaa valaistussuunnittelua alkaen 169 euroa koko taloon!\u00a0<\/em><\/strong><\/p><h3><span class=\"ez-toc-section\" id=\"Mittatilaus_Led_valonauhat\"><\/span>Mittatilaus Led valonauhat<span class=\"ez-toc-section-end\"><\/span><\/h3><p>Tarjoamme palvelun a\u00a0<a href=\"https:\/\/ledstore.fi\/palvelut\/mittatilaus\" rel=\"dofollow\">mittatilaus led nauhoja<\/a>, eli jokaiselle omien mittojen mukaan led-nauhat alumiiniprofiilissa.\u00a0 My\u00f6s\u00a0<a href=\"https:\/\/ledstore.fi\/sivu\/led-valojen-asennus\/valaisimen-asennus\" rel=\"dofollow\">asennettuna.<\/a><\/p><p>Muista, ett\u00e4 olemme aina valmiina tukemaan sinua matkan varrella s\u00e4hk\u00f6postitse (<a href=\"mailto:myynti@ledstore.fi\">myynti@ledstore.fi<\/a>) ja puhelimitse (045 251 4510). Kuten aina, voit jakaa vapaasti sosiaalisessa mediassa kuvia omista projekteistasi #ledstorefi IG:ss\u00e4 ja ledstore.fi FB:ss\u00e4. Rakastamme n\u00e4hd\u00e4, miten hienoja juttuja LEDeill\u00e4mme tehd\u00e4\u00e4n, ja se auttaa tarjoamaan inspiraatiota niille, jotka eiv\u00e4t ole varmoja LEDien tehosta ja mahtavuudesta.<\/p><p><strong>Tiesitk\u00f6, ett\u00e4 meill\u00e4 on jo yli 3500 kuvaa meid\u00e4n ledeill\u00e4 tehdyist\u00e4 asennuksista<a href=\"https:\/\/ledstore.fi\/kuvagalleria\" rel=\"dofollow\"> Galleriassamme!<\/a><\/strong><\/p><p>\u00a0<\/p>\n","protected":false},"excerpt":{"rendered":"<p>LED-valonauhat ovat nousseet suosioon tarjoamalla uskomattoman m\u00e4\u00e4r\u00e4n erilaisia ja tyylikk\u00e4it\u00e4 valaistusratkaisuja. Ne ovat helppok\u00e4ytt\u00f6isi\u00e4 ja monipuolisia, ja niit\u00e4 voidaan k\u00e4ytt\u00e4\u00e4 monissa eri ymp\u00e4rist\u00f6iss\u00e4, kuten keitti\u00f6iss\u00e4, olohuoneissa ja jopa ulkotiloissa. Kerrataanpa niiden kiinnityst\u00e4. LED-valonauhan valinta LED-valonauhoja on saatavilla monissa eri tyypeiss\u00e4 ja v\u00e4reiss\u00e4. Valonauhan valinnassa on t\u00e4rke\u00e4\u00e4 ottaa huomioon nauhan kotelointiluokitus, joka selvi\u00e4\u00e4 nauhan pakkauksesta tai &hellip;<\/p>\n","protected":false},"author":1,"featured_media":0,"parent":0,"menu_order":0,"comment_status":"closed","ping_status":"closed","template":"","meta":{"_acf_changed":false,"om_disable_all_campaigns":false,"_monsterinsights_skip_tracking":false,"_monsterinsights_sitenote_active":false,"_monsterinsights_sitenote_note":"","_monsterinsights_sitenote_category":0,"footnotes":""},"class_list":["post-57061","page","type-page","status-publish","hentry"],"acf":[],"aioseo_notices":[],"_links":{"self":[{"href":"https:\/\/www.ledprofiili.fi\/blog\/wp-json\/wp\/v2\/pages\/57061","targetHints":{"allow":["GET"]}}],"collection":[{"href":"https:\/\/www.ledprofiili.fi\/blog\/wp-json\/wp\/v2\/pages"}],"about":[{"href":"https:\/\/www.ledprofiili.fi\/blog\/wp-json\/wp\/v2\/types\/page"}],"author":[{"embeddable":true,"href":"https:\/\/www.ledprofiili.fi\/blog\/wp-json\/wp\/v2\/users\/1"}],"replies":[{"embeddable":true,"href":"https:\/\/www.ledprofiili.fi\/blog\/wp-json\/wp\/v2\/comments?post=57061"}],"version-history":[{"count":0,"href":"https:\/\/www.ledprofiili.fi\/blog\/wp-json\/wp\/v2\/pages\/57061\/revisions"}],"wp:attachment":[{"href":"https:\/\/www.ledprofiili.fi\/blog\/wp-json\/wp\/v2\/media?parent=57061"}],"curies":[{"name":"wp","href":"https:\/\/api.w.org\/{rel}","templated":true}]}}